{"id":393,"date":"2017-01-25T15:26:37","date_gmt":"2017-01-25T14:26:37","guid":{"rendered":"http:\/\/galerie-kuchling.schwichtenberg-media.de\/?page_id=393"},"modified":"2017-11-15T13:46:21","modified_gmt":"2017-11-15T12:46:21","slug":"david-demjanovic-jarmila-mitrikova","status":"publish","type":"page","link":"https:\/\/galerie-kuchling.de\/en\/kuenstler\/david-demjanovic-jarmila-mitrikova\/","title":{"rendered":"D\u00e1vid Demjanovi\u010d &#038; Jarmila Mitr\u00edkov\u00e1"},"content":{"rendered":"<p><\/p>\n<h3 class=\"widget-title\">D\u00e1vid Demjanovi\u010d &amp; Jarmila Mitr\u00edkov\u00e1<\/h3>\n<p class=\"bodytext\">*1985 and *1986, the artists duo lives and works in Prague, Ko\u0161ice und Bratislava<br \/>\n<span style=\"color: #808080;\"><a style=\"color: #808080;\" href=\"http:\/\/mitrikovademjanovic.tumblr.com\/\" target=\"_blank\" rel=\"noopener noreferrer\">www.mitrikovademjanovic.tumblr.com<\/a><\/span><\/p>\n<h3 style=\"text-align: center;\"><span style=\"color: #ff0000;\"><strong><span style=\"color: #808080;\">Hexerei im Ostblock (Witchcraft in the Eastern Block) \u2022 July 8-August 11, 2017<\/span><br \/>\n<\/strong><\/span><\/h3>\n<h3 style=\"text-align: center;\"><span style=\"color: #ff0000;\"><strong>Opening on 7th July from 7-11pm<\/strong><\/span><span style=\"color: #808080;\"><br \/>\n<\/span><\/h3>\n<div id=\"attachment_1269\" style=\"width: 279px\" class=\"wp-caption alignleft\"><a href=\"http:\/\/galerie-kuchling.de\/wp-content\/uploads\/2017\/02\/Spiritist-S\u00e9ance-113-x-125-cm-pyrography-on-plywood-coloured-with-wood-stains-2014.jpg\"><img loading=\"lazy\" decoding=\"async\" aria-describedby=\"caption-attachment-1269\" class=\"wp-image-1269 size-medium\" src=\"http:\/\/galerie-kuchling.de\/wp-content\/uploads\/2017\/02\/Spiritist-S\u00e9ance-113-x-125-cm-pyrography-on-plywood-coloured-with-wood-stains-2014-269x300.jpg\" alt=\"\" width=\"269\" height=\"300\" srcset=\"https:\/\/galerie-kuchling.de\/wp-content\/uploads\/2017\/02\/Spiritist-S\u00e9ance-113-x-125-cm-pyrography-on-plywood-coloured-with-wood-stains-2014-269x300.jpg 269w, https:\/\/galerie-kuchling.de\/wp-content\/uploads\/2017\/02\/Spiritist-S\u00e9ance-113-x-125-cm-pyrography-on-plywood-coloured-with-wood-stains-2014-600x668.jpg 600w, https:\/\/galerie-kuchling.de\/wp-content\/uploads\/2017\/02\/Spiritist-S\u00e9ance-113-x-125-cm-pyrography-on-plywood-coloured-with-wood-stains-2014-768x856.jpg 768w, https:\/\/galerie-kuchling.de\/wp-content\/uploads\/2017\/02\/Spiritist-S\u00e9ance-113-x-125-cm-pyrography-on-plywood-coloured-with-wood-stains-2014-919x1024.jpg 919w, https:\/\/galerie-kuchling.de\/wp-content\/uploads\/2017\/02\/Spiritist-S\u00e9ance-113-x-125-cm-pyrography-on-plywood-coloured-with-wood-stains-2014-958x1067.jpg 958w\" sizes=\"auto, (max-width: 269px) 100vw, 269px\" \/><\/a><p id=\"caption-attachment-1269\" class=\"wp-caption-text\">Spiritist-S\u00e9ance. 2014 \u2022 Pyrography on plywood, coloured with wood stains \u2022 125 x 113 cm<\/p><\/div>\n<div id=\"attachment_1267\" style=\"width: 224px\" class=\"wp-caption alignleft\"><a href=\"http:\/\/galerie-kuchling.de\/wp-content\/uploads\/2017\/02\/Building-of-Morena-height-47-cm-chamotte-acrylic-polychromy-2015.jpg\"><img loading=\"lazy\" decoding=\"async\" aria-describedby=\"caption-attachment-1267\" class=\"wp-image-1267 size-medium\" src=\"http:\/\/galerie-kuchling.de\/wp-content\/uploads\/2017\/02\/Building-of-Morena-height-47-cm-chamotte-acrylic-polychromy-2015-214x300.jpg\" alt=\"\" width=\"214\" height=\"300\" srcset=\"https:\/\/galerie-kuchling.de\/wp-content\/uploads\/2017\/02\/Building-of-Morena-height-47-cm-chamotte-acrylic-polychromy-2015-214x300.jpg 214w, https:\/\/galerie-kuchling.de\/wp-content\/uploads\/2017\/02\/Building-of-Morena-height-47-cm-chamotte-acrylic-polychromy-2015-600x843.jpg 600w, https:\/\/galerie-kuchling.de\/wp-content\/uploads\/2017\/02\/Building-of-Morena-height-47-cm-chamotte-acrylic-polychromy-2015-768x1079.jpg 768w, https:\/\/galerie-kuchling.de\/wp-content\/uploads\/2017\/02\/Building-of-Morena-height-47-cm-chamotte-acrylic-polychromy-2015-729x1024.jpg 729w, https:\/\/galerie-kuchling.de\/wp-content\/uploads\/2017\/02\/Building-of-Morena-height-47-cm-chamotte-acrylic-polychromy-2015-958x1346.jpg 958w\" sizes=\"auto, (max-width: 214px) 100vw, 214px\" \/><\/a><p id=\"caption-attachment-1267\" class=\"wp-caption-text\">Building of Morena. 2015\u00a0\u2022 Chamotte and Acrylic \u2022 47 cm high<\/p><\/div>\n<div id=\"attachment_1268\" style=\"width: 219px\" class=\"wp-caption alignleft\"><a href=\"http:\/\/galerie-kuchling.de\/wp-content\/uploads\/2017\/02\/Flying-Log-II.-120-x-88-cm-pyrography-on-plywood-coloured-with-wood-stains-2016.jpg\"><img loading=\"lazy\" decoding=\"async\" aria-describedby=\"caption-attachment-1268\" class=\"wp-image-1268 size-medium\" src=\"http:\/\/galerie-kuchling.de\/wp-content\/uploads\/2017\/02\/Flying-Log-II.-120-x-88-cm-pyrography-on-plywood-coloured-with-wood-stains-2016-209x300.jpg\" alt=\"\" width=\"209\" height=\"300\" srcset=\"https:\/\/galerie-kuchling.de\/wp-content\/uploads\/2017\/02\/Flying-Log-II.-120-x-88-cm-pyrography-on-plywood-coloured-with-wood-stains-2016-209x300.jpg 209w, https:\/\/galerie-kuchling.de\/wp-content\/uploads\/2017\/02\/Flying-Log-II.-120-x-88-cm-pyrography-on-plywood-coloured-with-wood-stains-2016-600x862.jpg 600w, https:\/\/galerie-kuchling.de\/wp-content\/uploads\/2017\/02\/Flying-Log-II.-120-x-88-cm-pyrography-on-plywood-coloured-with-wood-stains-2016-768x1103.jpg 768w, https:\/\/galerie-kuchling.de\/wp-content\/uploads\/2017\/02\/Flying-Log-II.-120-x-88-cm-pyrography-on-plywood-coloured-with-wood-stains-2016-713x1024.jpg 713w, https:\/\/galerie-kuchling.de\/wp-content\/uploads\/2017\/02\/Flying-Log-II.-120-x-88-cm-pyrography-on-plywood-coloured-with-wood-stains-2016-958x1376.jpg 958w\" sizes=\"auto, (max-width: 209px) 100vw, 209px\" \/><\/a><p id=\"caption-attachment-1268\" class=\"wp-caption-text\">Flying-Log-II. 2016 \u2022 Pyrography on plywood, coloured with wood stains \u2022 120 x 88 cm<\/p><\/div>\n<div id=\"attachment_1278\" style=\"width: 235px\" class=\"wp-caption alignleft\"><a href=\"http:\/\/galerie-kuchling.de\/wp-content\/uploads\/2016\/03\/Temptation-625-x-85-cm-pyrography-on-plywood-coloured-with-wood-stains-2014.jpg\"><img loading=\"lazy\" decoding=\"async\" aria-describedby=\"caption-attachment-1278\" class=\"wp-image-1278 size-medium\" src=\"http:\/\/galerie-kuchling.de\/wp-content\/uploads\/2016\/03\/Temptation-625-x-85-cm-pyrography-on-plywood-coloured-with-wood-stains-2014-225x300.jpg\" alt=\"\" width=\"225\" height=\"300\" srcset=\"https:\/\/galerie-kuchling.de\/wp-content\/uploads\/2016\/03\/Temptation-625-x-85-cm-pyrography-on-plywood-coloured-with-wood-stains-2014-225x300.jpg 225w, https:\/\/galerie-kuchling.de\/wp-content\/uploads\/2016\/03\/Temptation-625-x-85-cm-pyrography-on-plywood-coloured-with-wood-stains-2014-600x799.jpg 600w, https:\/\/galerie-kuchling.de\/wp-content\/uploads\/2016\/03\/Temptation-625-x-85-cm-pyrography-on-plywood-coloured-with-wood-stains-2014-768x1023.jpg 768w, https:\/\/galerie-kuchling.de\/wp-content\/uploads\/2016\/03\/Temptation-625-x-85-cm-pyrography-on-plywood-coloured-with-wood-stains-2014-769x1024.jpg 769w, https:\/\/galerie-kuchling.de\/wp-content\/uploads\/2016\/03\/Temptation-625-x-85-cm-pyrography-on-plywood-coloured-with-wood-stains-2014-958x1276.jpg 958w\" sizes=\"auto, (max-width: 225px) 100vw, 225px\" \/><\/a><p id=\"caption-attachment-1278\" class=\"wp-caption-text\">Temptation. 2014 \u2022 Pyrography on plywood, coloured with wood stains \u2022 85 x 62,5 cm<\/p><\/div>\n<hr \/>\n<p><strong><span style=\"color: #ff0000;\">Visions &amp; Traditions (exhibition in 2011)<\/span><\/strong><\/p>\n<div id=\"attachment_403\" style=\"width: 310px\" class=\"wp-caption alignleft\"><img loading=\"lazy\" decoding=\"async\" aria-describedby=\"caption-attachment-403\" class=\"wp-image-403 size-medium\" src=\"http:\/\/galerie-kuchling.de\/wp-content\/uploads\/2017\/01\/Pagans_2011-300x190.jpg\" alt=\"\" width=\"300\" height=\"190\" srcset=\"https:\/\/galerie-kuchling.de\/wp-content\/uploads\/2017\/01\/Pagans_2011-300x190.jpg 300w, https:\/\/galerie-kuchling.de\/wp-content\/uploads\/2017\/01\/Pagans_2011-600x380.jpg 600w, https:\/\/galerie-kuchling.de\/wp-content\/uploads\/2017\/01\/Pagans_2011-768x486.jpg 768w, https:\/\/galerie-kuchling.de\/wp-content\/uploads\/2017\/01\/Pagans_2011.jpg 933w\" sizes=\"auto, (max-width: 300px) 100vw, 300px\" \/><p id=\"caption-attachment-403\" class=\"wp-caption-text\">Pagans. 2011 \u2022 Pyrography on plywood \u2022 125 x 80 cm<\/p><\/div>\n<div id=\"attachment_396\" style=\"width: 245px\" class=\"wp-caption alignleft\"><img loading=\"lazy\" decoding=\"async\" aria-describedby=\"caption-attachment-396\" class=\"wp-image-396 size-medium\" src=\"http:\/\/galerie-kuchling.de\/wp-content\/uploads\/2017\/01\/Bagpipe-Player_2011-235x300.jpg\" alt=\"\" width=\"235\" height=\"300\" srcset=\"https:\/\/galerie-kuchling.de\/wp-content\/uploads\/2017\/01\/Bagpipe-Player_2011-235x300.jpg 235w, https:\/\/galerie-kuchling.de\/wp-content\/uploads\/2017\/01\/Bagpipe-Player_2011.jpg 555w\" sizes=\"auto, (max-width: 235px) 100vw, 235px\" \/><p id=\"caption-attachment-396\" class=\"wp-caption-text\">Bagpipe Player aus Procession-Masks-Series. 2011 \u2022 Pyrography on plywood \u2022 62 x 80<\/p><\/div>\n<div id=\"attachment_398\" style=\"width: 216px\" class=\"wp-caption alignleft\"><img loading=\"lazy\" decoding=\"async\" aria-describedby=\"caption-attachment-398\" class=\"wp-image-398 size-medium\" src=\"http:\/\/galerie-kuchling.de\/wp-content\/uploads\/2017\/01\/Burning-the-Monster_2011-206x300.jpg\" alt=\"\" width=\"206\" height=\"300\" srcset=\"https:\/\/galerie-kuchling.de\/wp-content\/uploads\/2017\/01\/Burning-the-Monster_2011-206x300.jpg 206w, https:\/\/galerie-kuchling.de\/wp-content\/uploads\/2017\/01\/Burning-the-Monster_2011.jpg 486w\" sizes=\"auto, (max-width: 206px) 100vw, 206px\" \/><p id=\"caption-attachment-398\" class=\"wp-caption-text\">Burning the Monster. 2011 \u2022 Pyrography on plywood \u2022 125 x 180<\/p><\/div>\n<div id=\"attachment_397\" style=\"width: 310px\" class=\"wp-caption aligncenter\"><img loading=\"lazy\" decoding=\"async\" aria-describedby=\"caption-attachment-397\" class=\"wp-image-397 size-medium\" src=\"http:\/\/galerie-kuchling.de\/wp-content\/uploads\/2017\/01\/Beekeepers-Rendevous_2011-300x191.jpg\" alt=\"\" width=\"300\" height=\"191\" srcset=\"https:\/\/galerie-kuchling.de\/wp-content\/uploads\/2017\/01\/Beekeepers-Rendevous_2011-300x191.jpg 300w, https:\/\/galerie-kuchling.de\/wp-content\/uploads\/2017\/01\/Beekeepers-Rendevous_2011-600x382.jpg 600w, https:\/\/galerie-kuchling.de\/wp-content\/uploads\/2017\/01\/Beekeepers-Rendevous_2011-768x489.jpg 768w, https:\/\/galerie-kuchling.de\/wp-content\/uploads\/2017\/01\/Beekeepers-Rendevous_2011.jpg 929w\" sizes=\"auto, (max-width: 300px) 100vw, 300px\" \/><p id=\"caption-attachment-397\" class=\"wp-caption-text\">Beekeepers Rendezvous \u2022 Pyrography on plywood \u2022 125 x 80 cm<\/p><\/div>\n<hr \/>\n<p>EXHIBITIONS<\/p>\n<a class=\"btn btn-danger  btn-lg\" href=\"http:\/\/galerie-kuchling.de\/en\/aktuell\/david-demjanovic-jarmila-mitrikova-%e2%80%a2-hexerei-im-ostblock-8-7-11-8-2017\/\" target=\"_blank\" >Hexerei im Ostblock<\/a>\u00a0\u00a0\u00a0 <a class=\"btn btn-danger  btn-lg\" href=\"http:\/\/galerie-kuchling.de\/en\/aktuell\/2-seite\/\" target=\"_blank\" >Visions &amp; Traditions<\/a>\u00a0\u00a0\u00a0 <a class=\"btn btn-danger  btn-lg\" href=\"http:\/\/\" target=\"_blank\" >Trau dich Kunst!<\/a>\n<hr \/>\n<p>&nbsp;<\/p>","protected":false},"excerpt":{"rendered":"<p>D\u00e1vid Demjanovi\u010d &amp; Jarmila Mitr\u00edkov\u00e1 *1985 and *1986, the artists duo lives and works in Prague, Ko\u0161ice und Bratislava www.mitrikovademjanovic.tumblr.com Hexerei im Ostblock (Witchcraft in the Eastern Block) \u2022 July 8-August 11, 2017 Opening on 7th July from 7-11pm Visions &amp; Traditions (exhibition in 2011) EXHIBITIONS \u00a0\u00a0\u00a0 \u00a0\u00a0\u00a0 &nbsp;<\/p>\n","protected":false},"author":1,"featured_media":0,"parent":23,"menu_order":0,"comment_status":"closed","ping_status":"closed","template":"","meta":{"footnotes":""},"class_list":["post-393","page","type-page","status-publish","hentry"],"_links":{"self":[{"href":"https:\/\/galerie-kuchling.de\/en\/wp-json\/wp\/v2\/pages\/393","targetHints":{"allow":["GET"]}}],"collection":[{"href":"https:\/\/galerie-kuchling.de\/en\/wp-json\/wp\/v2\/pages"}],"about":[{"href":"https:\/\/galerie-kuchling.de\/en\/wp-json\/wp\/v2\/types\/page"}],"author":[{"embeddable":true,"href":"https:\/\/galerie-kuchling.de\/en\/wp-json\/wp\/v2\/users\/1"}],"replies":[{"embeddable":true,"href":"https:\/\/galerie-kuchling.de\/en\/wp-json\/wp\/v2\/comments?post=393"}],"version-history":[{"count":20,"href":"https:\/\/galerie-kuchling.de\/en\/wp-json\/wp\/v2\/pages\/393\/revisions"}],"predecessor-version":[{"id":1538,"href":"https:\/\/galerie-kuchling.de\/en\/wp-json\/wp\/v2\/pages\/393\/revisions\/1538"}],"up":[{"embeddable":true,"href":"https:\/\/galerie-kuchling.de\/en\/wp-json\/wp\/v2\/pages\/23"}],"wp:attachment":[{"href":"https:\/\/galerie-kuchling.de\/en\/wp-json\/wp\/v2\/media?parent=393"}],"curies":[{"name":"wp","href":"https:\/\/api.w.org\/{rel}","templated":true}]}}