{"id":23,"date":"2016-03-21T22:40:03","date_gmt":"2016-03-21T21:40:03","guid":{"rendered":"http:\/\/galerie-kuchling.schwichtenberg-media.de\/?page_id=23"},"modified":"2025-08-11T10:28:06","modified_gmt":"2025-08-11T08:28:06","slug":"kuenstler","status":"publish","type":"page","link":"https:\/\/galerie-kuchling.de\/en\/kuenstler\/","title":{"rendered":"Artists"},"content":{"rendered":"<p><div class=\"col-md-4 kuchling\" >\n<ul>\n<li>\n<h3><a href=\"https:\/\/www.xeconuddin.com\/\">Xecon Uddin<\/a><\/h3>\n<\/li>\n<li>\n<h3><a href=\"https:\/\/www.instagram.com\/sela_loex\/\">Saphira Kunst<\/a><\/h3>\n<\/li>\n<li>\n<h3><a href=\"http:\/\/galerie-kuchling.de\/kuenstler\/tony-benjamin\/\">Tony Benjamin<\/a><\/h3>\n<\/li>\n<li>\n<h3><a href=\"http:\/\/galerie-kuchling.de\/kuenstler\/eduard-bigas\/\">Eduard Bigas<\/a><\/h3>\n<\/li>\n<li>\n<h3><a href=\"https:\/\/galerie-kuchling.de\/en\/aktuell\/werner-brunner-arche-atlas\/\" target=\"_blank\" rel=\"noopener noreferrer\">Werner Brunner<\/a><\/h3>\n<\/li>\n<li>\n<h3><a href=\"http:\/\/galerie-kuchling.de\/kuenstler\/frank-busk\/\">Frank Busk<\/a><\/h3>\n<\/li>\n<li>\n<h3><a href=\"http:\/\/galerie-kuchling.de\/en\/kuenstler\/David%20cerny\/\">David \u010cern\u00fd<\/a><\/h3>\n<\/li>\n<li>\n<h3><a href=\"http:\/\/galerie-kuchling.de\/en\/kuenstler\/english-liu-chuanbao\/\">Liu Chuanbao<\/a><\/h3>\n<\/li>\n<li>\n<h3><a href=\"http:\/\/galerie-kuchling.de\/en\/kuenstler\/david-demjanovic-jarmila-mitrikova\/\">D\u00e1vid Demjanovi\u010d &amp; Jarmila Mitr\u00edkov\u00e1<\/a><\/h3>\n<\/li>\n<li>\n<h3><a href=\"https:\/\/galerie-kuchling.de\/en\/aktuell\/svenja-schueffler-how-to-manage-the-apocalypse-17-mai-11-juli-2019\/\">Svenja Sch\u00fcffler<\/a><strong>\n<\/strong><\/h3>\n<\/li>\n<\/ul>\n<h3><\/div> <div class=\"col-md-4 kuchling\" ><\/h3>\n<ul>\n<li>\n<h3><a href=\"http:\/\/galerie-kuchling.de\/kuenstler\/en\/jan-elhoj-morten-kirckhoff\/\">Jan\u00a0Elh\u00f8j &amp; Morten Kirckhoff<\/a><\/h3>\n<\/li>\n<li>\n<h3><a href=\"http:\/\/galerie-kuchling.de\/kuenstler\/miha%20erman\/\">Miha Erman<\/a><\/h3>\n<\/li>\n<li>\n<h3><a href=\"https:\/\/galerie-kuchling.de\/en\/aktuell\/lucy-farley-road-trip-16-maerz-11-mai-2018\/\" target=\"_blank\" rel=\"noopener noreferrer\">Lucy Farley<\/a><\/h3>\n<\/li>\n<li>\n<h3><a href=\"http:\/\/galerie-kuchling.de\/en\/kuenstler\/peter%20johansson\/\">Peter Johansson<\/a><\/h3>\n<\/li>\n<li>\n<h3><a href=\"http:\/\/galerie-kuchling.de\/en\/kuenstler\/maria%20kassab\/\">Maria Kassab<\/a><\/h3>\n<\/li>\n<li>\n<h3><a href=\"http:\/\/galerie-kuchling.de\/kuenstler\/semaan-khawam\/\">Semaan Khawam<\/a><\/h3>\n<\/li>\n<li>\n<h3><a href=\"http:\/\/galerie-kuchling.de\/en\/kuenstler\/tadeusz-kowalczyk-joerg-schulz\/\">Tadeusz Kowalczyk &amp; J\u00f6rg Schulz<\/a><\/h3>\n<\/li>\n<li>\n<h3><a href=\"https:\/\/galerie-kuchling.de\/en\/aktuell\/uta-zaumseil-baby-you-can-drive-my-car-25-januar-8-maerz-2019\/\">Uta Zaumseil<\/a><\/h3>\n<\/li>\n<li>\n<h3><a href=\"https:\/\/www.kaihellbardt.de\/\">Kai Hellbardt<\/a><\/h3>\n<\/li>\n<li>\n<h3><a href=\"https:\/\/www.sorina-von-keyserling.de\/\">Sorina von Keyserling<\/a><\/h3>\n<\/li>\n<li>\n<h3><a href=\"https:\/\/www.jennachang.com\/\">Jenna Chang<\/a><\/h3>\n<\/li>\n<li>\n<h3><a href=\"https:\/\/www.linnachi.com\/\">Linna Chi<\/a><\/h3>\n<\/li>\n<\/ul>\n<\/div>\n<div class=\"col-md-4 kuchling\" >\n<ul>\n<li>\n<h3><a href=\"https:\/\/galerie-kuchling.de\/en\/kuenstler\/kevork-mourad\/\" target=\"_blank\" rel=\"noopener noreferrer\">Kevork Mourad<\/a><\/h3>\n<\/li>\n<li>\n<h3><a href=\"http:\/\/galerie-kuchling.de\/en\/qwerty\/\">Qwerty<\/a><\/h3>\n<\/li>\n<li>\n<h3><a href=\"http:\/\/galerie-kuchling.de\/kuenstler\/english-johanna-rossbach\/\">Johanna Rossbach<\/a><\/h3>\n<\/li>\n<li>\n<h3><a href=\"http:\/\/galerie-kuchling.de\/en\/kuenstler\/stefan-theissen\/\">Stefan Theissen<\/a><\/h3>\n<\/li>\n<li>\n<h3><a href=\"http:\/\/galerie-kuchling.de\/kuenstler\/jan-vedder\/\">Jan Vedder<\/a><\/h3>\n<\/li>\n<li>\n<h3><a href=\"http:\/\/galerie-kuchling.de\/kuenstler\/en\/diana-vishnevskaya-igor-zwetkov\/\">Diana Vishnevskaya &amp; Igor Zwetkow<\/a><\/h3>\n<\/li>\n<li>\n<h3><a href=\"https:\/\/www.igortsvetkov.com\/\">Igor Tsvetkov<\/a> &amp; <a href=\"http:\/\/maximdidenko.org\/artist\/\">Maksim Didenko<\/a><\/h3>\n<\/li>\n<li>\n<h3><a href=\"https:\/\/galerie-kuchling.de\/en\/ausstellungen\/bisherige-ausstellungen\/mini-maxi-print-berlin-2019\/\">Mini Maxi Print Artists<\/a><\/h3>\n<\/li>\n<li>\n<h3><a href=\"https:\/\/www.yosifuart.com\/\">Yosifu Kacaw<\/a><\/h3>\n<\/li>\n<li>\n<h3><a href=\"https:\/\/kulturanker.de\/galerie-carsten-rabe\/\">Carsten Rabe<\/a><\/h3>\n<\/li>\n<li>\n<h3><a href=\"https:\/\/www.instagram.com\/jakob_bettin\/\">Jakob Bettin<\/a><\/h3>\n<\/li>\n<li>\n<h3><a href=\"https:\/\/www.instagram.com\/mourad_fedouache\/?locale=de_DE&amp;hl=en\"> Mourad Fedouache<\/a><\/h3>\n<\/li>\n<li>\n<h3><a href=\"https:\/\/www.instagram.com\/charaf.lahib\/?locale=de_DE&amp;hl=en\">Charaf Lahib<\/a><\/h3>\n<\/li>\n<li>\n<h3><a href=\"https:\/\/www.instagram.com\/rickylavernmartin\/?locale=de_DE&amp;hl=en\">Richard Lavern Martin<\/a><\/h3>\n<\/li>\n<li>\n<h3><a href=\"https:\/\/www.instagram.com\/yoness_sefyaoui\/?locale=de_DE&amp;hl=en\">Youness Sefyaoui<\/a><\/h3>\n<\/li>\n<li>\n<h3><span style=\"color: #000000;\"><a style=\"color: #000000;\" href=\"http:\/\/beatetischer.com\/de_DE\/\">Beate Tischer<\/a><\/span><\/h3>\n<\/li>\n<\/ul>\n<h3><\/div><\/h3>\n<h3><\/h3>\n<p><\/p>","protected":false},"excerpt":{"rendered":"","protected":false},"author":1,"featured_media":0,"parent":0,"menu_order":0,"comment_status":"closed","ping_status":"closed","template":"","meta":{"footnotes":""},"class_list":["post-23","page","type-page","status-publish","hentry"],"_links":{"self":[{"href":"https:\/\/galerie-kuchling.de\/en\/wp-json\/wp\/v2\/pages\/23","targetHints":{"allow":["GET"]}}],"collection":[{"href":"https:\/\/galerie-kuchling.de\/en\/wp-json\/wp\/v2\/pages"}],"about":[{"href":"https:\/\/galerie-kuchling.de\/en\/wp-json\/wp\/v2\/types\/page"}],"author":[{"embeddable":true,"href":"https:\/\/galerie-kuchling.de\/en\/wp-json\/wp\/v2\/users\/1"}],"replies":[{"embeddable":true,"href":"https:\/\/galerie-kuchling.de\/en\/wp-json\/wp\/v2\/comments?post=23"}],"version-history":[{"count":64,"href":"https:\/\/galerie-kuchling.de\/en\/wp-json\/wp\/v2\/pages\/23\/revisions"}],"predecessor-version":[{"id":5625,"href":"https:\/\/galerie-kuchling.de\/en\/wp-json\/wp\/v2\/pages\/23\/revisions\/5625"}],"wp:attachment":[{"href":"https:\/\/galerie-kuchling.de\/en\/wp-json\/wp\/v2\/media?parent=23"}],"curies":[{"name":"wp","href":"https:\/\/api.w.org\/{rel}","templated":true}]}}