{"id":19,"date":"2016-03-21T22:37:20","date_gmt":"2016-03-21T21:37:20","guid":{"rendered":"http:\/\/galerie-kuchling.schwichtenberg-media.de\/?page_id=19"},"modified":"2023-12-14T17:03:52","modified_gmt":"2023-12-14T16:03:52","slug":"kontakt","status":"publish","type":"page","link":"https:\/\/galerie-kuchling.de\/en\/kontakt\/","title":{"rendered":"Contact"},"content":{"rendered":"<p><div class=\"col-md-4 kuchling\" >\n<h2 style=\"text-align: justify;\">Galerie Kuchling<\/h2>\n<p style=\"text-align: justify;\">Inh. Robert Kuchling\nKarl-Marx-Allee 123\n10243 Berlin<\/p>\n<p style=\"text-align: justify;\">E-Mail: <a href=\"mailto:galerie@kuchling.de\" target=\"_blank\" rel=\"noopener noreferrer\">galerie@kuchling.de<\/a>\nWeb:<a href=\"https:\/\/galerie-kuchling.de\/\"> www.galerie-kuchling.de<\/a><\/p>\n<p>VAT-ID: DE212397804<\/p>\n<hr \/>\n<p>\u00a9by Galerie Kuchling 2023\nResponsible for contents\naccording \u00a710 paragraph 3 MDStV\nRobert Kuchling<\/p>\n<hr \/>\n<p>Galerie Kuchling is sponsored by \u00a0 <a href=\"http:\/\/www.ebiga-vision.com\/\" target=\"_blank\" rel=\"http:\/\/www.ebiga-vision.com\/ noopener noreferrer\"><img loading=\"lazy\" decoding=\"async\" class=\"alignnone wp-image-690\" src=\"http:\/\/galerie-kuchling.de\/wp-content\/uploads\/2016\/03\/ebigaVISION.jpg\" width=\"94\" height=\"40\" \/><\/a><\/p>\n<\/div>\n<div class=\"col-md-8 kuchling\" ><a href=\"http:\/\/iframe%20src=https:\/\/www.google.com\/maps\/embed?pb=!1m18!1m12!1m3!1d2427.9094214903635!2d13.445638115807384!3d52.516978279813756!2m3!1f0!2f0!3f0!3m2!1i1024!2i768!4f13.1!3m3!1m2!1s0x47a84dfdfce7d583%3A0x47055f05f2f2107a!2sGalerie+Kuchling!5e0!3m2!1sen!2sde!4v1484560336056%20width=600%20height=450%20frameborder=0%20style=border:0%20allowfullscreen\/iframe\">\u00a0\u00a0\u00a0\u00a0\u00a0\u00a0\u00a0\u00a0\u00a0\u00a0\u00a0\u00a0\u00a0 <iframe loading=\"lazy\" src=\"https:\/\/www.google.com\/maps\/embed?pb=!1m18!1m12!1m3!1d2427.9094214903635!2d13.445638115807384!3d52.516978279813756!2m3!1f0!2f0!3f0!3m2!1i1024!2i768!4f13.1!3m3!1m2!1s0x47a84dfdfce7d583%3A0x47055f05f2f2107a!2sGalerie+Kuchling!5e0!3m2!1sen!2sde!4v1484560336056\" width=\"600\" height=\"450\" frameborder=\"0\" allowfullscreen=\"allowfullscreen\"><\/iframe><\/a><\/div>\n<p>&nbsp;<\/p>\n<hr \/>\n<h4><strong>Newsletter<\/strong><\/h4>\n<p>We are happy to send you regular information about our events and exhibitions.<\/p>\n<p>If you want to <span style=\"color: #333333;\">subscribe<\/span> to our regular newsletter, please fill in your email address in the field below and press &#8220;Subscribe Now&#8221;. You will receive a confirmation email immediately.<\/p>\n\n\t<section id=\"yikes-mailchimp-container-1\" class=\"yikes-mailchimp-container yikes-mailchimp-container-1 \">\n\t\t\t\t<form id=\"newsletter-anmeldung-newsletter-subscription-1\" class=\"yikes-easy-mc-form yikes-easy-mc-form-1  \" method=\"POST\" data-attr-form-id=\"1\">\n\n\t\t\t\t\t\t\t\t\t\t\t\t\t<label for=\"yikes-easy-mc-form-1-EMAIL\"  class=\"EMAIL-label yikes-mailchimp-field-required \">\n\n\t\t\t\t\t\t\t\t\t\t<!-- dictate label visibility -->\n\t\t\t\t\t\t\t\t\t\t\n\t\t\t\t\t\t\t\t\t\t<!-- Description Above -->\n\t\t\t\t\t\t\t\t\t\t\n\t\t\t\t\t\t\t\t\t\t<input id=\"yikes-easy-mc-form-1-EMAIL\"  name=\"EMAIL\"  placeholder=\"Ihre E-Mail-Adresse \/ Your email address\"  class=\"yikes-easy-mc-email field-no-label\"  required=\"required\" type=\"email\"  value=\"\">\n\n\t\t\t\t\t\t\t\t\t\t<!-- Description Below -->\n\t\t\t\t\t\t\t\t\t\t\n\t\t\t\t\t\t\t\t\t<\/label>\n\t\t\t\t\t\t\t\t\t\n\t\t\t\t<!-- Honeypot Trap -->\n\t\t\t\t<input type=\"hidden\" name=\"yikes-mailchimp-honeypot\" id=\"yikes-mailchimp-honeypot-1\" value=\"\">\n\n\t\t\t\t<!-- List ID -->\n\t\t\t\t<input type=\"hidden\" name=\"yikes-mailchimp-associated-list-id\" id=\"yikes-mailchimp-associated-list-id-1\" value=\"f849b96349\">\n\n\t\t\t\t<!-- The form that is being submitted! Used to display error\/success messages above the correct form -->\n\t\t\t\t<input type=\"hidden\" name=\"yikes-mailchimp-submitted-form\" id=\"yikes-mailchimp-submitted-form-1\" value=\"1\">\n\n\t\t\t\t<!-- Submit Button -->\n\t\t\t\t<button type=\"submit\" class=\"yikes-easy-mc-submit-button yikes-easy-mc-submit-button-1 btn btn-primary \"> <span class=\"yikes-mailchimp-submit-button-span-text\">Jetzt anmelden \/ Subscribe now<\/span><\/button>\t\t\t\t<!-- Nonce Security Check -->\n\t\t\t\t<input type=\"hidden\" id=\"yikes_easy_mc_new_subscriber_1\" name=\"yikes_easy_mc_new_subscriber\" value=\"13e45cfd33\">\n\t\t\t\t<input type=\"hidden\" name=\"_wp_http_referer\" value=\"\/en\/wp-json\/wp\/v2\/pages\/19\" \/>\n\t\t\t<\/form>\n\t\t\t<!-- Mailchimp Form generated by Easy Forms for Mailchimp v6.8.9 (https:\/\/wordpress.org\/plugins\/yikes-inc-easy-mailchimp-extender\/) -->\n\n\t\t\t<\/section>\n\t\n<p>&nbsp;<\/p>\n<p>If you want to <span style=\"color: #333333;\">unsubscribe<\/span> from our newsletter, please send us a message to <a href=\"mailto:galerie@kuchling.de\" target=\"_blank\" rel=\"noopener noreferrer\">galerie@kuchling.de<\/a> with the subject &#8220;unsubscribe newsletter&#8221;. We will unsubscribe you promptly. Alternatively you can unsubcribe directly at the bottom of each newsletter.<\/p>\n<p><span lang=\"en-GB\">To send out our newsletter regularly, we use the e-mail service of Mailchimp. Your contact data (name + e-mail) will be kept only for sending the newsletter. You can unsubscribe from our newsletter at any time.<\/span><\/p>\n<p>For further information about the protection of data privacy, please click <a href=\"http:\/\/galerie-kuchling.de\/en\/datenschutz\/\" target=\"_blank\" rel=\"noopener noreferrer\"><span style=\"color: #ff0000;\">here<\/span><\/a>.<\/p>\n<hr \/>\n<h4>Urheberrecht<\/h4>\n<p>Falls nicht anders angegeben, unterliegen alle Seiten dieses Webangebots dem Urheberrecht (Copyright). Dies gilt insbesondere f\u00fcr Texte, Bilder, Grafiken und Style-Dateien, einschlie\u00dflich deren Anordnung auf den Webseiten.<\/p>\n<p>Eine Vervielf\u00e4ltigung oder Verwendung von Webseiten (oder von Teilen daraus) in anderen elektronischen oder gedruckten Publikationen und deren Ver\u00f6ffentlichung (auch im Internet) ist nur nach vorheriger Genehmigung gestattet.<\/p>\n<p>Weiterhin k\u00f6nnen Bilder, Grafiken, Text- oder sonstige Dateien ganz oder teilweise dem Urheberrecht Dritter unterliegen.<\/p>\n<p>Alle innerhalb des Internetangebots genannten und ggf. durch Dritte gesch\u00fctzten Marken- und Warenzeichen unterliegen uneingeschr\u00e4nkt den Bestimmungen des jeweils g\u00fcltigen Kennzeichenrechts und den Besitzrechten der jeweiligen eingetragenen Eigent\u00fcmer. Allein aufgrund der blo\u00dfen Nennung in unserem Internetangebot ist nicht der Schluss zu ziehen, dass Markenzeichen nicht durch Rechte Dritter gesch\u00fctzt sind.<\/p>\n<div class=\"ed-element ed-headline\">\n<h4>Haftungsausschluss<\/h4>\n<\/div>\n<p>Der Autor hat alle in seinem Bereich bereitgestellten Informationen nach bestem Wissen und Gewissen erarbeitet und gepr\u00fcft. Jedoch \u00fcbernimmt der Autor keinerlei Gew\u00e4hr f\u00fcr die Aktualit\u00e4t, Korrektheit, Vollst\u00e4ndigkeit oder Qualit\u00e4t der bereitgestellten Informationen. Haftungsanspr\u00fcche gegen den Autor, welche sich auf Sch\u00e4den materieller oder ideeller Art beziehen, die durch die Nutzung oder Nichtnutzung der dargebotenen Informationen bzw. durch die Nutzung fehlerhafter und unvollst\u00e4ndiger Informationen verursacht wurden, sind grunds\u00e4tzlich ausgeschlossen, sofern seitens des Autors kein nachweislich vors\u00e4tzliches oder grob fahrl\u00e4ssiges Verschulden vorliegt.<\/p>\n<p>Alle Angebote sind freibleibend und unverbindlich. Der Autor beh\u00e4lt es sich ausdr\u00fccklich vor, Teile der Seiten oder das gesamte Angebot ohne gesonderte Ank\u00fcndigung zu ver\u00e4ndern, zu erg\u00e4nzen, zu l\u00f6schen oder die Ver\u00f6ffentlichung zeitweise oder endg\u00fcltig einzustellen.<\/p>\n<div class=\"ed-element ed-headline\">\n<h4>Verweise und Links (Disclaimer)<\/h4>\n<\/div>\n<p>Bei direkten oder indirekten Verweisen auf fremde Webseiten (&#8220;Hyperlinks&#8221;), die au\u00dferhalb des Verantwortungsbereiches des Autors liegen, w\u00fcrde eine Haftungsverpflichtung ausschlie\u00dflich in dem Fall in Kraft treten, in dem der Autor von den Inhalten Kenntnis hat und es ihm technisch m\u00f6glich und zumutbar w\u00e4re, die Nutzung im Falle rechtswidriger Inhalte zu verhindern.<\/p>\n<p style=\"text-align: left;\">Der Autor erkl\u00e4rt hiermit ausdr\u00fccklich, dass zum Zeitpunkt der Linksetzung keine illegalen Inhalte auf den zu verlinkenden Seiten erkennbar waren. Auf die aktuelle und zuk\u00fcnftige Gestaltung, die Inhalte oder die Urheberschaft der gelinkten\/verkn\u00fcpften Seiten hat der Autor keinerlei Einfluss. Deshalb distanziert er sich hiermit ausdr\u00fccklich von allen Inhalten aller gelinkten\/verkn\u00fcpften Seiten, die nach der Linksetzung ver\u00e4ndert wurden. Diese Feststellung gilt f\u00fcr alle innerhalb des eigenen Internetangebotes gesetzten Links und Verweise sowie f\u00fcr Fremdeintr\u00e4ge in vom Autor eingerichteten G\u00e4steb\u00fcchern, Diskussionsforen und Mailinglisten. F\u00fcr illegale, fehlerhafte oder unvollst\u00e4ndige Inhalte und insbesondere f\u00fcr Sch\u00e4den, die aus der Nutzung oder Nichtnutzung solcherart dargebotener Informationen entstehen, haftet allein der Anbieter der Seite, auf welche verwiesen wurde, nicht derjenige, der \u00fcber Links auf die jeweilige Ver\u00f6ffentlichung lediglich verweist.<\/p>\n<div class=\"ed-element ed-headline\">\n<h4>Datenschutz<\/h4>\n<\/div>\n<p>Die Sicherheit Ihrer Daten liegt uns am Herzen. F\u00fcr n\u00e4here Informationen, klicken Sie bitte <a href=\"http:\/\/galerie-kuchling.de\/datenschutz\/\" target=\"_blank\" rel=\"noopener noreferrer\">hier<\/a>.<\/p>","protected":false},"excerpt":{"rendered":"<p>&nbsp; Newsletter We are happy to send you regular information about our events and exhibitions. If you want to subscribe to our regular newsletter, please fill in your email address in the field below and press &#8220;Subscribe Now&#8221;. You will receive a confirmation email immediately. &nbsp; If you want to unsubscribe from our newsletter, please send us a message to galerie@kuchling.de with the subject &#8220;unsubscribe newsletter&#8221;. We will unsubscribe you promptly. Alternatively you can unsubcribe directly at the bottom of each newsletter. To send out our newsletter regularly, we use the e-mail service of Mailchimp. Your contact data (name + e-mail) will be kept only for sending the newsletter. You can unsubscribe from our newsletter at any time. For further information about the protection of data privacy, please click here. Urheberrecht Falls nicht anders angegeben, unterliegen alle Seiten dieses Webangebots dem Urheberrecht (Copyright). Dies gilt insbesondere f\u00fcr Texte, Bilder, Grafiken und Style-Dateien, einschlie\u00dflich deren Anordnung auf den Webseiten. Eine Vervielf\u00e4ltigung oder Verwendung von Webseiten (oder von Teilen daraus) in anderen elektronischen oder gedruckten Publikationen und deren Ver\u00f6ffentlichung (auch im Internet) ist nur nach vorheriger Genehmigung gestattet. Weiterhin k\u00f6nnen Bilder, Grafiken, Text- oder sonstige Dateien ganz oder teilweise dem Urheberrecht Dritter unterliegen. Alle innerhalb des Internetangebots genannten und ggf. durch Dritte gesch\u00fctzten Marken- und Warenzeichen unterliegen uneingeschr\u00e4nkt den Bestimmungen des jeweils g\u00fcltigen Kennzeichenrechts und den Besitzrechten der jeweiligen eingetragenen Eigent\u00fcmer. Allein aufgrund der blo\u00dfen Nennung in unserem Internetangebot ist nicht der Schluss zu ziehen, dass Markenzeichen nicht durch Rechte Dritter gesch\u00fctzt sind. Haftungsausschluss Der Autor hat alle in seinem Bereich bereitgestellten Informationen nach bestem Wissen und Gewissen erarbeitet und gepr\u00fcft. Jedoch \u00fcbernimmt der Autor keinerlei Gew\u00e4hr f\u00fcr die Aktualit\u00e4t, Korrektheit, Vollst\u00e4ndigkeit oder Qualit\u00e4t der bereitgestellten Informationen. Haftungsanspr\u00fcche gegen den Autor, welche sich auf Sch\u00e4den materieller oder ideeller Art beziehen, die durch die Nutzung oder Nichtnutzung der dargebotenen Informationen bzw. durch die Nutzung fehlerhafter und unvollst\u00e4ndiger Informationen verursacht wurden, sind grunds\u00e4tzlich ausgeschlossen, sofern seitens des Autors kein nachweislich vors\u00e4tzliches oder grob fahrl\u00e4ssiges Verschulden vorliegt. Alle Angebote sind freibleibend und unverbindlich. Der Autor beh\u00e4lt es sich ausdr\u00fccklich vor, Teile der Seiten oder das gesamte Angebot ohne gesonderte Ank\u00fcndigung zu ver\u00e4ndern, zu erg\u00e4nzen, zu l\u00f6schen oder die Ver\u00f6ffentlichung zeitweise oder endg\u00fcltig einzustellen. Verweise und Links (Disclaimer) Bei direkten oder indirekten Verweisen auf fremde Webseiten (&#8220;Hyperlinks&#8221;), die au\u00dferhalb des Verantwortungsbereiches des Autors liegen, w\u00fcrde eine Haftungsverpflichtung ausschlie\u00dflich in dem Fall in Kraft treten, in dem der Autor von den Inhalten Kenntnis hat und es ihm technisch m\u00f6glich und zumutbar w\u00e4re, die Nutzung im Falle rechtswidriger Inhalte zu verhindern. Der Autor erkl\u00e4rt hiermit ausdr\u00fccklich, dass zum Zeitpunkt der Linksetzung keine illegalen Inhalte auf den zu verlinkenden Seiten erkennbar waren. Auf die aktuelle und zuk\u00fcnftige Gestaltung, die Inhalte oder die Urheberschaft der gelinkten\/verkn\u00fcpften Seiten hat der Autor keinerlei Einfluss. Deshalb distanziert er sich hiermit ausdr\u00fccklich von allen Inhalten aller gelinkten\/verkn\u00fcpften Seiten, die nach der Linksetzung ver\u00e4ndert wurden. Diese Feststellung gilt f\u00fcr alle innerhalb des eigenen Internetangebotes gesetzten Links und Verweise sowie f\u00fcr Fremdeintr\u00e4ge in vom Autor eingerichteten G\u00e4steb\u00fcchern, Diskussionsforen und Mailinglisten. F\u00fcr illegale, fehlerhafte oder unvollst\u00e4ndige Inhalte und insbesondere f\u00fcr Sch\u00e4den, die aus der Nutzung oder Nichtnutzung [&hellip;]<\/p>\n","protected":false},"author":1,"featured_media":62,"parent":0,"menu_order":0,"comment_status":"closed","ping_status":"closed","template":"","meta":{"footnotes":""},"class_list":["post-19","page","type-page","status-publish","has-post-thumbnail","hentry"],"_links":{"self":[{"href":"https:\/\/galerie-kuchling.de\/en\/wp-json\/wp\/v2\/pages\/19","targetHints":{"allow":["GET"]}}],"collection":[{"href":"https:\/\/galerie-kuchling.de\/en\/wp-json\/wp\/v2\/pages"}],"about":[{"href":"https:\/\/galerie-kuchling.de\/en\/wp-json\/wp\/v2\/types\/page"}],"author":[{"embeddable":true,"href":"https:\/\/galerie-kuchling.de\/en\/wp-json\/wp\/v2\/users\/1"}],"replies":[{"embeddable":true,"href":"https:\/\/galerie-kuchling.de\/en\/wp-json\/wp\/v2\/comments?post=19"}],"version-history":[{"count":62,"href":"https:\/\/galerie-kuchling.de\/en\/wp-json\/wp\/v2\/pages\/19\/revisions"}],"predecessor-version":[{"id":4999,"href":"https:\/\/galerie-kuchling.de\/en\/wp-json\/wp\/v2\/pages\/19\/revisions\/4999"}],"wp:featuredmedia":[{"embeddable":true,"href":"https:\/\/galerie-kuchling.de\/en\/wp-json\/wp\/v2\/media\/62"}],"wp:attachment":[{"href":"https:\/\/galerie-kuchling.de\/en\/wp-json\/wp\/v2\/media?parent=19"}],"curies":[{"name":"wp","href":"https:\/\/api.w.org\/{rel}","templated":true}]}}