{"id":1849,"date":"2018-05-23T11:24:02","date_gmt":"2018-05-23T09:24:02","guid":{"rendered":"http:\/\/galerie-kuchling.de\/?page_id=1849"},"modified":"2018-06-05T14:34:04","modified_gmt":"2018-06-05T12:34:04","slug":"datenschutz","status":"publish","type":"page","link":"https:\/\/galerie-kuchling.de\/en\/datenschutz\/","title":{"rendered":"Protection of Data Privacy"},"content":{"rendered":"<p><span style=\"color: #333333;\"><strong>Datenschutzerkl\u00e4rung f\u00fcr die Webseite <\/strong>www.galerie-kuchling.de<\/span><\/p>\n<p>&nbsp;<\/p>\n<ol>\n<li><span style=\"color: #333333;\"><strong> Geltungsbereich<\/strong><\/span><\/li>\n<\/ol>\n<p><span style=\"color: #333333;\">Der Schutz Personenbezogener Daten ist uns sehr wichtig. Mit den nachfolgenden Hinweisen zum Datenschutz wollen wir Ihnen n\u00e4herbringen, welche personenbezogenen Daten wir f\u00fcr welche Zwecke verarbeiten, w\u00e4hrend Sie unser Internetangebot nutzen.<\/span><\/p>\n<p><span style=\"color: #333333;\">Die nachfolgenden Hinweise gelten f\u00fcr alle Inhalte der Webseite https:\/\/www.galerie-kuchling.de) (nachfolgend \u201eAngebot\u201c).<\/span><\/p>\n<p><span style=\"color: #333333;\">Die rechtlichen Grundlagen des Datenschutzes finden sich in der EU-Datenschutzgrundverordnung (nachfolgend DSGVO) und nationalen Durchf\u00fchrungs-vorschriften (z.B. in Deutschland im Bundesdatenschutzgesetz).<\/span><\/p>\n<p>&nbsp;<\/p>\n<ol start=\"2\">\n<li><span style=\"color: #333333;\"><strong> Begriffsbestimmungen<\/strong><\/span><\/li>\n<\/ol>\n<p><span style=\"color: #333333;\"><u>Personenbezogene Daten<\/u><\/span><\/p>\n<p><span style=\"color: #333333;\">&#8220;Personenbezogene Daten&#8221; sind alle Informationen, die sich auf eine identifizierte oder identifizierbare nat\u00fcrliche Person beziehen; als identifizierbar wird eine nat\u00fcrliche Person angesehen, die direkt oder indirekt, insbesondere mittels Zuordnung zu einer Kennung wie einem Namen, zu einer Kennnummer, zu Standortdaten, zu einer Online-Kennung (z.B. Cookie) oder zu einem oder mehreren besonderen Merkmalen identifiziert werden kann, die Ausdruck der physischen, physiologischen, genetischen, psychischen, wirtschaftlichen, kulturellen oder sozialen Identit\u00e4t dieser nat\u00fcrlichen Person sind.<\/span><\/p>\n<p>&nbsp;<\/p>\n<p><span style=\"color: #333333;\"><u>Verarbeitung<\/u><\/span><\/p>\n<p><span style=\"color: #333333;\">&#8220;Verarbeitung&#8221; meint jeden mit oder ohne Hilfe automatisierter Verfahren ausgef\u00fchrten Vorgang oder jede solche Vorgangsreihe im Zusammenhang mit Personenbezogenen Daten wie das Erheben, das Erfassen, die Organisation, das Ordnen, die Speicherung, die Anpassung oder Ver\u00e4nderung, das Auslesen, das Abfragen, die Verwendung, die Offenlegung durch \u00dcbermittlung, Verbreitung oder eine andere Form der Bereitstellung, den Abgleich oder die Verkn\u00fcpfung, die Einschr\u00e4nkung, das L\u00f6schen oder die Vernichtung.<\/span><\/p>\n<p>&nbsp;<\/p>\n<ol start=\"3\">\n<li><span style=\"color: #333333;\"><strong> Art der Personenbezogenen Daten<\/strong><\/span><\/li>\n<\/ol>\n<p><span style=\"color: #333333;\"><u>Zugriffsdaten <\/u><\/span><\/p>\n<p><span style=\"color: #333333;\">Zugriffsdaten sind Daten \u00fcber jeden Zugriff auf den Server, auf dem sich unserer Webseite befindet. Zu den Zugriffsdaten geh\u00f6ren Name der abgerufenen Webseite, Datei, Datum und Uhrzeit des Abrufs, \u00fcbertragene Datenmenge, Meldung \u00fcber erfolgreichen Abruf, Browsertyp nebst Version, das Betriebssystem des Nutzers, Referrer URL (die zuvor besuchte Seite), IP-Adresse und der anfragende Provider.<\/span><\/p>\n<p>&nbsp;<\/p>\n<p><span style=\"color: #333333;\"><u>Cookies<\/u><\/span><\/p>\n<p><span style=\"color: #333333;\">Cookies sind kleine Dateien, die es erm\u00f6glichen, auf dem Zugriffsger\u00e4t spezifische, auf das Ger\u00e4t bezogene Informationen zu speichern.<\/span><\/p>\n<p>&nbsp;<\/p>\n<p><span style=\"color: #333333;\"><u>Eingabedaten <\/u><\/span><\/p>\n<p><span style=\"color: #333333;\">Sofern Sie sich bei uns als Kunde f\u00fcr den Newsletter, verarbeiten wir die Personenbezogenen Daten, die Sie in das jeweilige Formular eingeben (z.B. Nachname, Vorname, E-Mail-Adresse).<\/span><\/p>\n<p>&nbsp;<\/p>\n<p>&nbsp;<\/p>\n<ol start=\"4\">\n<li><span style=\"color: #333333;\"><strong> Zwecke der Verarbeitung<\/strong><\/span><\/li>\n<\/ol>\n<p><span style=\"color: #333333;\"><u>Zugriffsdaten<\/u><\/span><\/p>\n<p><span style=\"color: #333333;\">Wir erheben die Zugriffsdaten aus Sicherheitsgr\u00fcnden zur Betrugs- und Missbrauchskontrolle sowie zur statistischen Erfassung der Webseitennutzung und Optimierung unserer Webseite. Rechtsgrundlage f\u00fcr die Verarbeitung ist Art. 6 Abs. 1 Satz 1 f DSGVO. Zur Verarbeitung der IP-Adresse durch Drittanbieter siehe Ziffer 5.<\/span><\/p>\n<p>&nbsp;<\/p>\n<p><span style=\"color: #333333;\"><u>Cookies<\/u><\/span><\/p>\n<p><span style=\"color: #333333;\">Cookies dienen zum einem der Benutzerfreundlichkeit von Webseiten und damit den Nutzern (z.B. Speicherung von Logindaten). Zum anderen k\u00f6nnen sie dazu dienen, die statistischen Daten der Webseitennutzung zu erfassen und sie zwecks Verbesserung unserer Angebote zu analysieren zu k\u00f6nnen.<\/span><\/p>\n<p><span style=\"color: #333333;\">Rechtsgrundlage f\u00fcr die Nutzung von Cookies ist Art. 6 Abs. 1 f DSGVO. Unser berechtigtes Interesse zur Datenerhebung folgt daraus, dass wir den Einsatz von Cookies zum Zwecke der Direktwerbung, der Benutzerfreundlichkeit unserer Webseite und Optimierung unserer Angebote ben\u00f6tigen.<\/span><\/p>\n<p>&nbsp;<\/p>\n<p><span style=\"color: #333333;\"><u>Eingabedaten<\/u><\/span><\/p>\n<p><span style=\"color: #333333;\">Sofern Sie Personenbezogene Daten \u00fcber die Formulare unserer Webseite eingeben und uns durch Absenden \u00fcbermitteln, h\u00e4ngt der Zweck der Datenverarbeitung von dem jeweiligen Formular ab. Sofern Sie sich als Kunde registrieren, verwenden wir Ihre Personenbezogenen Daten f\u00fcr die Verwaltung Ihres Kontos (Art. 6 Abs. 1 Satz 1 b DSGVO). Sofern Sie unser Kontaktformular verwenden, werden wir Ihre Personenbezogenen Daten dazu verwenden, um Ihr Anliegen zu bearbeiten (Art. 6 Abs. 1 Satz 1 a, f DSGVO).<\/span><\/p>\n<p><span style=\"color: #333333;\">Unser berechtigtes Interesse zur Datenerhebung im Sinne von Art. 6 Abs. 1 f DSGVO folgt daraus, dass wir Ihr Anliegen (Registrierung, Kontaktaufnahme) ohne Ihre Daten nicht bearbeiten k\u00f6nnen.<\/span><\/p>\n<p><span style=\"color: #333333;\"><strong>\u00a0<\/strong><\/span><\/p>\n<ol start=\"5\">\n<li><span style=\"color: #333333;\"><strong> Datenverarbeitung durch Dritte <\/strong><\/span><\/li>\n<\/ol>\n<p>&nbsp;<\/p>\n<p><span style=\"color: #333333;\"><u>Hosting <\/u><\/span><\/p>\n<p><span style=\"color: #333333;\">Unsere Webseite wird auf den Servern des Hosting-Anbieters stefanux.net betrieben. Dieser verarbeitet die unter Ziffer 3. genannten Personenbezogenen Daten in unserem Auftrag zum Betrieb und Optimierung unserer Webseite, Rechtsgrundlage hierf\u00fcr ist Art. 6 Abs. 1 Satz 1 f DSGVO.<\/span><\/p>\n<p>&nbsp;<\/p>\n<p><span style=\"color: #333333;\"><u>Web Fonts<br \/>\n<\/u><\/span><\/p>\n<p><span style=\"color: #333333;\">Diese Seite nutzt zur einheitlichen Darstellung von Schriftarten so genannte Web Fonts, die von Google bereitgestellt werden. Beim Aufruf einer Seite l\u00e4dt Ihr Browser die ben\u00f6tigten Web Fonts in ihren Browsercache, um Texte und Schriftarten korrekt anzuzeigen. Zu diesem Zweck muss der von Ihnen verwendete Browser Verbindung zu den Servern von Google aufnehmen. Hierdurch erlangt Google Kenntnis dar\u00fcber, dass \u00fcber Ihre IP-Adresse unsere Website aufgerufen wurde. Die Nutzung von Google Web Fonts erfolgt im Interesse einer einheitlichen und ansprechenden Darstellung unserer Online-Angebote. Dies stellt ein berechtigtes Interesse im Sinne von Art. 6 Abs. 1 lit. f DSGVO dar.<\/span><\/p>\n<p><span style=\"color: #333333;\">Wenn Ihr Browser Web Fonts nicht unterst\u00fctzt, wird eine Standardschrift von Ihrem Computer genutzt.<\/span><\/p>\n<p align=\"JUSTIFY\"><span style=\"color: #333333;\">Weitere Informationen zu Google Web Fonts finden Sie unter <a style=\"color: #333333;\" href=\"https:\/\/developers.google.com\/fonts\/faq\" target=\"_blank\" rel=\"noopener\">https:\/\/developers.google.com\/fonts\/faq<\/a> und in der Datenschutzerkl\u00e4rung<\/span><\/p>\n<p>&nbsp;<\/p>\n<p><span style=\"color: #333333;\"><u>Social Media Plug-Ins, Webseitenanalyse<\/u><\/span><\/p>\n<p><span style=\"color: #333333;\">Wir binden verschiedene Dienste und Inhalte von Drittanbietern auf unserer Webseite ein. Durch die Einbindung kann es zur Verarbeitung Ihrer IP-Adresse und zum Setzen von Cookies kommen. Zudem kann es sein, dass durch die Einbindung der Inhalte Dritter ein Datentransfer in Staaten au\u00dferhalb der EU erfolgt. N\u00e4here Informationen hierzu finden Sie unter Ziffer 7.<\/span><\/p>\n<p><span style=\"color: #333333;\">Rechtsgrundlage f\u00fcr die Verarbeitung der IP-Adresse ist Art. 6 Abs. 1 Satz 1 f DSGVO. Unser berechtigtes Interesse zur Datenverarbeitung folgt daraus, dass wir die Dienste Dritter zum Zwecke der Direktwerbung, der Benutzerfreundlichkeit unserer Webseite und Optimierung unserer Angebote nutzen.<\/span><\/p>\n<p>&nbsp;<\/p>\n<ol start=\"6\">\n<li><span style=\"color: #333333;\"><strong> Social Media Plug-Ins, Nutzungsanalyse<\/strong><\/span><\/li>\n<\/ol>\n<p><span style=\"color: #333333;\"><u>Facebook und Google+ <\/u><\/span><\/p>\n<p><span style=\"color: #333333;\">Auf unserer Website werden sogenannte SocialPlugins (\u201ePlugins\u201c) der sozialen Netzwerke Facebook und Google+ verwendet. Diese Dienste werden von den Unternehmen Facebook Inc. und Google Inc. angeboten (\u201eAnbieter\u201c). Facebook wird betrieben von der Facebook Inc.,1601 S. California Ave, Palo Alto, CA 94304, USA (&#8220;Facebook&#8221;). Google+ wird betrieben von der Google Inc., 1600 Amphitheatre Parkway, Mountain View, CA 94043, USA (\u201eGoogle\u201c).<\/span><\/p>\n<p><span style=\"color: #333333;\">Wenn Sie eine Seite unseres Webauftritts aufrufen, die ein solches Plugin enth\u00e4lt, stellt Ihr Browser eine direkte Verbindung zu den Servern von Google oder Facebook her. Der Inhalt des Plugins wird vom jeweiligen Anbieter direkt an Ihren Browser \u00fcbermittelt und in die Seite eingebunden. Durch die Einbindung der Plugins erhalten die Anbieter die Information, dass Ihr Browser die entsprechende Seite unseres Webauftritts aufgerufen hat, auch wenn Sie kein Profil bei dem entsprechenden sozialen Netzwerk besitzen oder gerade nicht eingeloggt sind. Diese Information (einschlie\u00dflich Ihrer IP-Adresse) wird von Ihrem Browser direkt an einen Server des jeweiligen Anbieters in die USA \u00fcbermittelt und dort gespeichert.<\/span><\/p>\n<p><span style=\"color: #333333;\">Sind Sie bei einem der sozialen Netzwerke eingeloggt, k\u00f6nnen die Anbieter den Besuch unserer Website Ihrem Profil auf Facebook bzw. Google+ unmittelbar zuordnen. Wenn Sie mit den Plugins interagieren, zum Beispiel den \u201eGef\u00e4llt mir\u201c-Button oder den \u201e+1\u201c-Button bet\u00e4tigen, wird die entsprechende Information ebenfalls direkt an einen Server der Anbieter \u00fcbermittelt und dort gespeichert. Die Informationen werden au\u00dferdem in dem sozialen Netzwerk ver\u00f6ffentlicht und dort Ihren Kontakten angezeigt.<\/span><\/p>\n<p><span style=\"color: #333333;\">Zweck und Umfang der Datenerhebung und die weitere Verarbeitung und Nutzung der Daten durch die Anbieter sowie Ihre diesbez\u00fcglichen Rechte und Einstellungsm\u00f6glichkeiten zum Schutz Ihrer Privatsph\u00e4re entnehmen Sie bitte den Datenschutzhinweisen der Anbieter:<\/span><\/p>\n<p><span style=\"color: #333333;\">Datenschutzhinweise von Facebook: <a style=\"color: #333333;\" href=\"http:\/\/www.facebook.com\/policy.php\">http:\/\/www.facebook.com\/policy.php<\/a><\/span><\/p>\n<p><span style=\"color: #333333;\">Datenschutzhinweise von Google: <a style=\"color: #333333;\" href=\"http:\/\/www.google.com\/intl\/de\/+\/policy\/+1button.html\">http:\/\/www.google.com\/intl\/de\/+\/policy\/+1button.html<\/a><\/span><\/p>\n<p><span style=\"color: #333333;\">Facebook und Google haben sich zur Einhaltung des vom US-Handelsministerium ver\u00f6ffentlichten Privacy-Shield-Abkommens zwischen der EU und den USA \u00fcber die Erhebung, Nutzung und Speicherung von personenbezogenen Daten aus den Mitgliedsstaaten der EU verpflichtet. N\u00e4here Informationen finden Sie hier:<\/span><\/p>\n<p><span style=\"color: #333333;\">Facebook: <a style=\"color: #333333;\" href=\"https:\/\/m.facebook.com\/about\/privacyshield\">https:\/\/m.facebook.com\/about\/privacyshield<\/a>.<\/span><\/p>\n<p><span style=\"color: #333333;\">Google: <a style=\"color: #333333;\" href=\"https:\/\/support.google.com\/analytics\/answer\/7105316?hl=de\">https:\/\/support.google.com\/analytics\/answer\/7105316?hl=de<\/a>.<\/span><\/p>\n<p><span style=\"color: #333333;\">Wenn Sie nicht m\u00f6chten, dass Google oder Facebook die \u00fcber unseren Webauftritt gesammelten Daten unmittelbar Ihrem Profil in dem jeweiligen sozialen Netzwerk zuordnen, m\u00fcssen Sie sich vor Ihrem Besuch unserer Website bei dem entsprechenden Netzwerk ausloggen. Sie k\u00f6nnen das Laden der Plugins auch mit Add-Ons f\u00fcr Ihren Browser komplett verhindern, z. B. mit dem Skript-Blocker \u201eNoScript\u201c (http:\/\/noscript.net\/).<\/span><\/p>\n<p>&nbsp;<\/p>\n<p><span style=\"color: #333333;\"><u>Google Analytics<\/u><\/span><\/p>\n<p><span style=\"color: #333333;\">Diese Website benutzt Google Analytics, einen Webanalysedienst der Google Inc. (\u201eGoogle\u201c). Google Analytics verwendet sog. \u201eCookies\u201c, Textdateien, die auf Ihrem Computer gespeichert werden und die eine Analyse der Benutzung der Website durch Sie erm\u00f6glichen. Die durch den Cookie erzeugten Informationen \u00fcber Ihre Benutzung dieser Website werden in der Regel an einen Server von Google in den USA \u00fcbertragen und dort gespeichert. Im Falle der Aktivierung der IP-Anonymisierung auf dieser Webseite, wird Ihre IP-Adresse von Google jedoch innerhalb von Mitgliedstaaten der Europ\u00e4ischen Union oder in anderen Vertragsstaaten des Abkommens \u00fcber den Europ\u00e4ischen Wirtschaftsraum zuvor gek\u00fcrzt. Nur in Ausnahmef\u00e4llen wird die volle IP-Adresse an einen Server von Google in den USA \u00fcbertragen und dort gek\u00fcrzt. Im Auftrag des Betreibers dieser Website wird Google diese Informationen benutzen, um Ihre Nutzung der Website auszuwerten, um Reports \u00fcber die Websiteaktivit\u00e4ten zusammenzustellen und um weitere mit der Websitenutzung und der Internetnutzung verbundene Dienstleistungen gegen\u00fcber dem Websitebetreiber zu erbringen. Die im Rahmen von Google Analytics von Ihrem Browser \u00fcbermittelte IP-Adresse wird nicht mit anderen Daten von Google zusammengef\u00fchrt. Sie k\u00f6nnen die Speicherung der Cookies durch eine entsprechende Einstellung Ihrer Browser-Software verhindern; wir weisen Sie jedoch darauf hin, dass Sie in diesem Fall gegebenenfalls nicht s\u00e4mtliche Funktionen dieser Website vollumf\u00e4nglich werden nutzen k\u00f6nnen. Sie k\u00f6nnen dar\u00fcber hinaus die Erfassung der durch das Cookie erzeugten und auf Ihre Nutzung der Website bezogenen Daten (inkl. Ihrer IP-Adresse) an Google sowie die Verarbeitung dieser Daten durch Google verhindern, indem Sie das unter dem folgenden Link verf\u00fcgbare Browser-Plugin herunterladen und installieren: http:\/\/tools.google.com\/dlpage\/gaoptout<\/span><\/p>\n<p><span style=\"color: #333333;\">Wir weisen Sie darauf hin, dass auf dieser Webseite Google Analytics um den Code &#8220;gat. anonymizeIp();&#8221; erweitert wurde, um eine anonymisierte Erfassung von IP-Adressen (sog. IP-Masking) zu gew\u00e4hrleisten.<\/span><\/p>\n<p><span style=\"color: #333333;\">N\u00e4here Informationen zu Nutzungsbedingungen und Datenschutz finden Sie unter <a style=\"color: #333333;\" href=\"https:\/\/support.google.com\/analytics\/answer\/6004245?hl=de\">https:\/\/support.google.com\/analytics\/answer\/6004245?hl=de<\/a>.<\/span><\/p>\n<p><span style=\"color: #333333;\"><strong>\u00a0<\/strong><\/span><\/p>\n<ol start=\"7\">\n<li><span style=\"color: #333333;\"><strong> Freiwilligkeit der Datenbereitstellung<\/strong><\/span><\/li>\n<\/ol>\n<p><span style=\"color: #333333;\">Die Bereitstellung der Personenbezogenen Daten bei dem Besuch unserer Webseite ist weder gesetzlich oder vertraglich vorgeschrieben noch f\u00fcr einen Vertragsabschluss erforderlich. Sie sind auch nicht verpflichtet, die Personenbezogenen Daten beim Besuch unserer Webseite bereitzustellen, allerdings erfolgt die Erfassung der Zugriffsdaten beim Besuch unserer Webseite automatisch.<\/span><\/p>\n<p>&nbsp;<\/p>\n<ol start=\"8\">\n<li><span style=\"color: #333333;\"><strong> Dauer der Verarbeitung<\/strong><\/span><\/li>\n<\/ol>\n<p><span style=\"color: #333333;\"><u>Zugriffsdaten, Cookies <\/u><\/span><\/p>\n<p><span style=\"color: #333333;\">Die Zugriffsdaten werden aus Sicherheitsgr\u00fcnden (z.B. zur Aufkl\u00e4rung von Missbrauchs- oder Betrugshandlungen) f\u00fcr die Dauer von maximal 90 Tagen gespeichert und danach gel\u00f6scht. Daten, deren weitere Aufbewahrung zu Beweiszwecken erforderlich ist, sind bis zur endg\u00fcltigen Kl\u00e4rung des jeweiligen Vorfalls von der L\u00f6schung ausgenommen.<\/span><\/p>\n<p><span style=\"color: #333333;\">Sofern von Drittanbietern IP-Adressen und anhand von Cookies Bewegungsdaten verarbeitet werden, haben wir auf die Dauer der Verarbeitung keinen Einfluss. Unter Ziffer 7 finden Sie die Links zu den Datenschutzerkl\u00e4rungen der Drittanbieter. Dort k\u00f6nnen Sie sich \u00fcber die Dauer der Verarbeitung informieren.<\/span><\/p>\n<p>&nbsp;<\/p>\n<p><span style=\"color: #333333;\"><u>Eingabedaten <\/u><\/span><\/p>\n<p><span style=\"color: #333333;\">Personenbezogene Daten, die Sie \u00fcber unsere Formulare angeben, verarbeiten wir f\u00fcr die Dauer der Bearbeitung Ihres Anliegens sofern diese Daten nicht den steuerrechtlichen und handelsrechtlichen Aufbewahrungsfristen unterliegen. Registrierungsdaten verarbeiten wir f\u00fcr die Dauer der Registrierung.<\/span><\/p>\n<p>&nbsp;<\/p>\n<ol start=\"9\">\n<li><span style=\"color: #333333;\"><strong> Widerspruch <\/strong><\/span><\/li>\n<\/ol>\n<p><span style=\"color: #333333;\">Sie haben das Recht, jederzeit Widerspruch gegen die auf Grundlage von Art. 6 Abs. 1 Satz 1 f DSGVO verarbeiteten Personenbezogenen Daten zu erheben, sofern Gr\u00fcnde f\u00fcr den Widerspruch vorliegen, die sich aus Ihrer besonderen Situation ergeben und sofern keine zwingenden schutzw\u00fcrdigen Gr\u00fcnde vorliegen, die Daten weiter zu erheben. Sofern wir von Ihnen Personenbezogene Daten verarbeiten, um Direktwerbung zu betreiben, haben Sie das Recht, jederzeit ohne Vorliegen von Gr\u00fcnden Widerspruch gegen die Verarbeitung der Personenbezogenen Daten zum Zwecke derartiger Werbung einzulegen (Art. 21 DSGVO).<\/span><\/p>\n<p><span style=\"color: #333333;\"><strong>\u00a0<\/strong><\/span><\/p>\n<ol start=\"10\">\n<li><span style=\"color: #333333;\"><strong> Weitere Betroffenenrechte<\/strong><\/span><\/li>\n<\/ol>\n<p><span style=\"color: #333333;\">Sie haben im Falle einer erteilten Einwilligung das Recht auf Widerruf dieser. Wir weisen Sie daraufhin, dass ein Widerruf nichts an der Rechtm\u00e4\u00dfigkeit der bis zum Widerruf erteilten Verarbeitung \u00e4ndert (keine R\u00fcckwirkung des Widerrufs).<\/span><\/p>\n<p><span style=\"color: #333333;\">Sie haben hat das Recht, im Rahmen der DSGVO auf Antrag unentgeltlich Auskunft zu erhalten \u00fcber die bei uns vorhandenen Sie betreffenden Personenbezogenen Daten (Art. 15 DSGVO).<\/span><\/p>\n<p><span style=\"color: #333333;\">Ferner haben Sie nach Ma\u00dfgabe der DSGVO Anspruch auf Berichtigung (Art. 16 DSGVO), L\u00f6schung (Art. 17 DSGVO), Einschr\u00e4nkung (Art. 18 DSGVO) und \u00dcbertragung (Art. 20 DSGVO) Ihrer Personenbezogenen Daten.<\/span><\/p>\n<p><span style=\"color: #333333;\">Sie haben zudem das Recht, sich bei der f\u00fcr uns zust\u00e4ndigen Datenschutzaufsichtsbeh\u00f6rde in begr\u00fcndeten F\u00e4llen zu beschweren (Art. 77 DSGVO).<\/span><\/p>\n<p><span style=\"color: #333333;\">Hinsichtlich der automatisierten Einzelentscheidung (Bonit\u00e4tspr\u00fcfung) haben Sie zudem gem\u00e4\u00df Art. 22 Abs. 3 DS-GVO das Recht auf das Eingreifen einer Person auf Seiten des Verantwortlichen, auf Darlegung des eigenen Standpunkts und auf Anfechtung der Entscheidung.<\/span><\/p>\n<p><span style=\"color: #333333;\">Ihre Rechte nach der DSGVO k\u00f6nnen Sie per E-Mail oder schriftlich geltend machen. Die Kontaktdaten des Anbieters und des in der EU-Verantwortlichen finden Sie nachstehend.<\/span><\/p>\n<p>&nbsp;<\/p>\n<ol start=\"11\">\n<li><span style=\"color: #333333;\"><strong> Kontaktdaten<\/strong><\/span><\/li>\n<\/ol>\n<p><span style=\"color: #333333;\"><u>Anbieter als verantwortliche Stelle:<\/u><\/span><\/p>\n<p><span style=\"color: #333333;\">GF: Robert Kuchling<\/span><\/p>\n<p><span style=\"color: #333333;\">E-Mail: galeri@kuchling.de<\/span><\/p>\n<p>&nbsp;<\/p>\n<p><span style=\"color: #333333;\">Weiterf\u00fchrende Informationen finden Sie auf der offiziellen Site: https:\/\/datenschutz-berlin.de.<\/span><\/p>\n<p>&nbsp;<\/p>\n<p><span style=\"color: #333333;\">Stand: Mai 2018<\/span><\/p>","protected":false},"excerpt":{"rendered":"<p>Datenschutzerkl\u00e4rung f\u00fcr die Webseite www.galerie-kuchling.de &nbsp; Geltungsbereich Der Schutz Personenbezogener Daten ist uns sehr wichtig. Mit den nachfolgenden Hinweisen zum Datenschutz wollen wir Ihnen n\u00e4herbringen, welche personenbezogenen Daten wir f\u00fcr welche Zwecke verarbeiten, w\u00e4hrend Sie unser Internetangebot nutzen. Die nachfolgenden Hinweise gelten f\u00fcr alle Inhalte der Webseite https:\/\/www.galerie-kuchling.de) (nachfolgend \u201eAngebot\u201c). Die rechtlichen Grundlagen des Datenschutzes finden sich in der EU-Datenschutzgrundverordnung (nachfolgend DSGVO) und nationalen Durchf\u00fchrungs-vorschriften (z.B. in Deutschland im Bundesdatenschutzgesetz). &nbsp; Begriffsbestimmungen Personenbezogene Daten &#8220;Personenbezogene Daten&#8221; sind alle Informationen, die sich auf eine identifizierte oder identifizierbare nat\u00fcrliche Person beziehen; als identifizierbar wird eine nat\u00fcrliche Person angesehen, die direkt oder indirekt, insbesondere mittels Zuordnung zu einer Kennung wie einem Namen, zu einer Kennnummer, zu Standortdaten, zu einer Online-Kennung (z.B. Cookie) oder zu einem oder mehreren besonderen Merkmalen identifiziert werden kann, die Ausdruck der physischen, physiologischen, genetischen, psychischen, wirtschaftlichen, kulturellen oder sozialen Identit\u00e4t dieser nat\u00fcrlichen Person sind. &nbsp; Verarbeitung &#8220;Verarbeitung&#8221; meint jeden mit oder ohne Hilfe automatisierter Verfahren ausgef\u00fchrten Vorgang oder jede solche Vorgangsreihe im Zusammenhang mit Personenbezogenen Daten wie das Erheben, das Erfassen, die Organisation, das Ordnen, die Speicherung, die Anpassung oder Ver\u00e4nderung, das Auslesen, das Abfragen, die Verwendung, die Offenlegung durch \u00dcbermittlung, Verbreitung oder eine andere Form der Bereitstellung, den Abgleich oder die Verkn\u00fcpfung, die Einschr\u00e4nkung, das L\u00f6schen oder die Vernichtung. &nbsp; Art der Personenbezogenen Daten Zugriffsdaten Zugriffsdaten sind Daten \u00fcber jeden Zugriff auf den Server, auf dem sich unserer Webseite befindet. Zu den Zugriffsdaten geh\u00f6ren Name der abgerufenen Webseite, Datei, Datum und Uhrzeit des Abrufs, \u00fcbertragene Datenmenge, Meldung \u00fcber erfolgreichen Abruf, Browsertyp nebst Version, das Betriebssystem des Nutzers, Referrer URL (die zuvor besuchte Seite), IP-Adresse und der anfragende Provider. &nbsp; Cookies Cookies sind kleine Dateien, die es erm\u00f6glichen, auf dem Zugriffsger\u00e4t spezifische, auf das Ger\u00e4t bezogene Informationen zu speichern. &nbsp; Eingabedaten Sofern Sie sich bei uns als Kunde f\u00fcr den Newsletter, verarbeiten wir die Personenbezogenen Daten, die Sie in das jeweilige Formular eingeben (z.B. Nachname, Vorname, E-Mail-Adresse). &nbsp; &nbsp; Zwecke der Verarbeitung Zugriffsdaten Wir erheben die Zugriffsdaten aus Sicherheitsgr\u00fcnden zur Betrugs- und Missbrauchskontrolle sowie zur statistischen Erfassung der Webseitennutzung und Optimierung unserer Webseite. Rechtsgrundlage f\u00fcr die Verarbeitung ist Art. 6 Abs. 1 Satz 1 f DSGVO. Zur Verarbeitung der IP-Adresse durch Drittanbieter siehe Ziffer 5. &nbsp; Cookies Cookies dienen zum einem der Benutzerfreundlichkeit von Webseiten und damit den Nutzern (z.B. Speicherung von Logindaten). Zum anderen k\u00f6nnen sie dazu dienen, die statistischen Daten der Webseitennutzung zu erfassen und sie zwecks Verbesserung unserer Angebote zu analysieren zu k\u00f6nnen. Rechtsgrundlage f\u00fcr die Nutzung von Cookies ist Art. 6 Abs. 1 f DSGVO. Unser berechtigtes Interesse zur Datenerhebung folgt daraus, dass wir den Einsatz von Cookies zum Zwecke der Direktwerbung, der Benutzerfreundlichkeit unserer Webseite und Optimierung unserer Angebote ben\u00f6tigen. &nbsp; Eingabedaten Sofern Sie Personenbezogene Daten \u00fcber die Formulare unserer Webseite eingeben und uns durch Absenden \u00fcbermitteln, h\u00e4ngt der Zweck der Datenverarbeitung von dem jeweiligen Formular ab. Sofern Sie sich als Kunde registrieren, verwenden wir Ihre Personenbezogenen Daten f\u00fcr die Verwaltung Ihres Kontos (Art. 6 Abs. 1 Satz 1 b DSGVO). Sofern Sie unser Kontaktformular verwenden, werden wir Ihre Personenbezogenen Daten dazu verwenden, um Ihr Anliegen zu bearbeiten (Art. 6 Abs. 1 Satz 1 [&hellip;]<\/p>\n","protected":false},"author":1,"featured_media":0,"parent":0,"menu_order":0,"comment_status":"closed","ping_status":"closed","template":"","meta":{"footnotes":""},"class_list":["post-1849","page","type-page","status-publish","hentry"],"_links":{"self":[{"href":"https:\/\/galerie-kuchling.de\/en\/wp-json\/wp\/v2\/pages\/1849","targetHints":{"allow":["GET"]}}],"collection":[{"href":"https:\/\/galerie-kuchling.de\/en\/wp-json\/wp\/v2\/pages"}],"about":[{"href":"https:\/\/galerie-kuchling.de\/en\/wp-json\/wp\/v2\/types\/page"}],"author":[{"embeddable":true,"href":"https:\/\/galerie-kuchling.de\/en\/wp-json\/wp\/v2\/users\/1"}],"replies":[{"embeddable":true,"href":"https:\/\/galerie-kuchling.de\/en\/wp-json\/wp\/v2\/comments?post=1849"}],"version-history":[{"count":10,"href":"https:\/\/galerie-kuchling.de\/en\/wp-json\/wp\/v2\/pages\/1849\/revisions"}],"predecessor-version":[{"id":4007,"href":"https:\/\/galerie-kuchling.de\/en\/wp-json\/wp\/v2\/pages\/1849\/revisions\/4007"}],"wp:attachment":[{"href":"https:\/\/galerie-kuchling.de\/en\/wp-json\/wp\/v2\/media?parent=1849"}],"curies":[{"name":"wp","href":"https:\/\/api.w.org\/{rel}","templated":true}]}}